{"id":205,"date":"2025-04-21T15:06:07","date_gmt":"2025-04-21T13:06:07","guid":{"rendered":"http:\/\/tforhtw.cluster023.hosting.ovh.net\/?post_type=product&#038;p=205"},"modified":"2025-04-21T15:06:08","modified_gmt":"2025-04-21T13:06:08","slug":"lunatique","status":"publish","type":"product","link":"https:\/\/lespeluchesdemarius.fr\/index.php\/produit\/lunatique\/","title":{"rendered":"Lunatique"},"content":{"rendered":"<p>Connaissez-vous Lunatique, le Poisson Lune Versatile ? \ud83d\udc1f\ud83d\udd25\u2744\ufe0f<\/p>\n<p>Lunatique, c&rsquo;est le plus changeant des poissons. Un matin content, l&rsquo;autre pas content. Un jour charmant, le lendemain grognon.\u00a0\ud83d\udc7a\ud83d\ude0a\ud83d\ude28\ud83d\ude1b<\/p>\n<p>Notre si joli Lunatique change de couleur au gr\u00e9 de vos envies : il vous suffit de le retourner pour profiter de l&rsquo;une ou l&rsquo;autre de ses si jolies teintes pastel.<\/p>\n<p>Ange le lundi, puis d\u00e9mon le mardi, ne contrariez pas notre petit Lunatique, vous pourriez bien devoir faire face \u00e0 ses changements d&rsquo;humeur permanents !\u00a0\ud83d\ude07\ud83d\ude08\ud83d\udc1f<\/p>\n<p>Notre Lunatique est imagin\u00e9 et dessin\u00e9 en France. Il est assembl\u00e9 au Portugal selon des modes de production \u00e9co-responsables, et il reverse 10% de ses b\u00e9n\u00e9fices \u00e0 des associations, qui oeuvrent pour nos oc\u00e9ans. \u2764\ufe0f<\/p>\n","protected":false},"excerpt":{"rendered":"<p>Lunatique, le Poisson Lune Versatile \ud83d\udc1f\ud83d\udd25\u2744\ufe0f<\/p>\n","protected":false},"featured_media":199,"comment_status":"open","ping_status":"closed","template":"","meta":[],"product_brand":[],"product_cat":[20,22],"product_tag":[],"class_list":{"0":"post-205","1":"product","2":"type-product","3":"status-publish","4":"has-post-thumbnail","6":"product_cat-peluches","7":"product_cat-peluches-poisson-lune","9":"first","10":"instock","11":"taxable","12":"shipping-taxable","13":"purchasable","14":"product-type-simple"},"_links":{"self":[{"href":"https:\/\/lespeluchesdemarius.fr\/index.php\/wp-json\/wp\/v2\/product\/205","targetHints":{"allow":["GET"]}}],"collection":[{"href":"https:\/\/lespeluchesdemarius.fr\/index.php\/wp-json\/wp\/v2\/product"}],"about":[{"href":"https:\/\/lespeluchesdemarius.fr\/index.php\/wp-json\/wp\/v2\/types\/product"}],"replies":[{"embeddable":true,"href":"https:\/\/lespeluchesdemarius.fr\/index.php\/wp-json\/wp\/v2\/comments?post=205"}],"wp:featuredmedia":[{"embeddable":true,"href":"https:\/\/lespeluchesdemarius.fr\/index.php\/wp-json\/wp\/v2\/media\/199"}],"wp:attachment":[{"href":"https:\/\/lespeluchesdemarius.fr\/index.php\/wp-json\/wp\/v2\/media?parent=205"}],"wp:term":[{"taxonomy":"product_brand","embeddable":true,"href":"https:\/\/lespeluchesdemarius.fr\/index.php\/wp-json\/wp\/v2\/product_brand?post=205"},{"taxonomy":"product_cat","embeddable":true,"href":"https:\/\/lespeluchesdemarius.fr\/index.php\/wp-json\/wp\/v2\/product_cat?post=205"},{"taxonomy":"product_tag","embeddable":true,"href":"https:\/\/lespeluchesdemarius.fr\/index.php\/wp-json\/wp\/v2\/product_tag?post=205"}],"curies":[{"name":"wp","href":"https:\/\/api.w.org\/{rel}","templated":true}]}}