{"id":186,"date":"2025-04-21T14:59:20","date_gmt":"2025-04-21T12:59:20","guid":{"rendered":"http:\/\/tforhtw.cluster023.hosting.ovh.net\/?post_type=product&#038;p=186"},"modified":"2025-04-21T15:02:03","modified_gmt":"2025-04-21T13:02:03","slug":"lunivers","status":"publish","type":"product","link":"https:\/\/lespeluchesdemarius.fr\/index.php\/produit\/lunivers\/","title":{"rendered":"L&rsquo;Univers"},"content":{"rendered":"<p>Faites donc la connaissance de\u00a0L&rsquo;Univers, le Poisson Lune C\u00e9leste !\u00a0\ud83d\udc1f\u00a0\ud83c\udf13\u2728<\/p>\n<p>Doux comme agneau, et rapide comme une fus\u00e9e, c&rsquo;est le poisson le plus lunaire que vous puissiez conna\u00eetre.\u00a0\ud83c\udf1d\ud83d\ude80\u26a1\ufe0f<\/p>\n<p>Toujours dans la Lune, il est t\u00eate en l&rsquo;air mais fera son possible pour vous faire voir des \u00e9toiles quand vous sombrerez dans les bras de Morph\u00e9e.\u00a0\ud83c\udf1f<\/p>\n<p>Si vous tendez l&rsquo;oreille, vous l&rsquo;entendrez parfois vous raconter avec passion ses voyages dans l&rsquo;espace et ses multiples rencontres avec les poissons-aliens\u00a0\ud83d\udc20\ud83d\udc7e\ud83d\udcab<\/p>\n<p>Notre joli L&rsquo;Univers est imagin\u00e9 et dessin\u00e9 en France. Il est assembl\u00e9 au Portugal selon des modes de production \u00e9co-responsables, et il reverse 10% de ses b\u00e9n\u00e9fices \u00e0 des associations oeuvrant pour nos oc\u00e9ans. \u2764\ufe0f<\/p>\n","protected":false},"excerpt":{"rendered":"<p>L&rsquo;Univers, le Poisson Lune C\u00e9leste !\u00a0\ud83d\udc1f\u00a0\ud83c\udf13\u2728<\/p>\n","protected":false},"featured_media":194,"comment_status":"open","ping_status":"closed","template":"","meta":[],"product_brand":[],"product_cat":[20,22],"product_tag":[],"class_list":{"0":"post-186","1":"product","2":"type-product","3":"status-publish","4":"has-post-thumbnail","6":"product_cat-peluches","7":"product_cat-peluches-poisson-lune","9":"first","10":"instock","11":"taxable","12":"shipping-taxable","13":"purchasable","14":"product-type-simple"},"_links":{"self":[{"href":"https:\/\/lespeluchesdemarius.fr\/index.php\/wp-json\/wp\/v2\/product\/186","targetHints":{"allow":["GET"]}}],"collection":[{"href":"https:\/\/lespeluchesdemarius.fr\/index.php\/wp-json\/wp\/v2\/product"}],"about":[{"href":"https:\/\/lespeluchesdemarius.fr\/index.php\/wp-json\/wp\/v2\/types\/product"}],"replies":[{"embeddable":true,"href":"https:\/\/lespeluchesdemarius.fr\/index.php\/wp-json\/wp\/v2\/comments?post=186"}],"wp:featuredmedia":[{"embeddable":true,"href":"https:\/\/lespeluchesdemarius.fr\/index.php\/wp-json\/wp\/v2\/media\/194"}],"wp:attachment":[{"href":"https:\/\/lespeluchesdemarius.fr\/index.php\/wp-json\/wp\/v2\/media?parent=186"}],"wp:term":[{"taxonomy":"product_brand","embeddable":true,"href":"https:\/\/lespeluchesdemarius.fr\/index.php\/wp-json\/wp\/v2\/product_brand?post=186"},{"taxonomy":"product_cat","embeddable":true,"href":"https:\/\/lespeluchesdemarius.fr\/index.php\/wp-json\/wp\/v2\/product_cat?post=186"},{"taxonomy":"product_tag","embeddable":true,"href":"https:\/\/lespeluchesdemarius.fr\/index.php\/wp-json\/wp\/v2\/product_tag?post=186"}],"curies":[{"name":"wp","href":"https:\/\/api.w.org\/{rel}","templated":true}]}}