{"id":177,"date":"2025-04-20T19:33:04","date_gmt":"2025-04-20T17:33:04","guid":{"rendered":"http:\/\/tforhtw.cluster023.hosting.ovh.net\/?post_type=product&#038;p=177"},"modified":"2026-04-20T18:25:03","modified_gmt":"2026-04-20T16:25:03","slug":"meroudoudou","status":"publish","type":"product","link":"https:\/\/lespeluchesdemarius.fr\/index.php\/produit\/meroudoudou\/","title":{"rendered":"M\u00e9roudoudou"},"content":{"rendered":"<p>Bonjour M\u00e9roudoudou \ud83d\ude0d\ud83d\udc30\ud83d\udc76\ud83d\udc25\ud83c\udf7c !<\/p>\n<p>Parfois nous trouvons la vie injuste. Comme par exemple lorsque nous avons r\u00e9alis\u00e9 que tous les b\u00e9b\u00e9s du monde \u00e9taient priv\u00e9s de doudou en forme de m\u00e9rou car il n&rsquo;en existait aucun \ud83d\ude2d\ud83d\ude21\ud83d\ude48<\/p>\n<p>Alors nous avons sorti nos crayons, nos carnets, nos plus belles planches de tissus haute qualit\u00e9 et nous vous avons con\u00e7u M\u00e9rou Doudou, le plus doux des m\u00e9rous \u2764\ufe0f<\/p>\n<p>Notre M\u00e9rou Doudou, en plus d&rsquo;\u00eatre doux, est c\u00e2lin, affectueux, g\u00e9n\u00e9reux, et saura envelopper petits et grands d&rsquo;un nuage de tendresse.<\/p>\n<p>Parce qu&rsquo;on a tous un cadeau de naissance \u00e0 faire, un b\u00e9b\u00e9 \u00e0 g\u00e2ter&#8230; mais surtout parce que la vie est trop dure pour \u00eatre v\u00e9cue sans un M\u00e9rou Doudou \u00e0 ses c\u00f4t\u00e9s \u2763\ufe0f\ud83d\udc20\ud83d\udc95<\/p>\n<p>Notre M\u00e9rou Doudou est imagin\u00e9 et dessin\u00e9 en France. Il est assembl\u00e9 au Portugal selon des modes de production \u00e9co-responsables, et il reverse 10% de ses b\u00e9n\u00e9fices \u00e0 des associations oeuvrant pour nos oc\u00e9ans.<\/p>\n","protected":false},"excerpt":{"rendered":"<p>M\u00e9roudoudou, le plus doux des m\u00e9rous \ud83d\ude0d\ud83d\udc30\ud83d\udc76\ud83d\udc25\ud83c\udf7c<\/p>\n","protected":false},"featured_media":134,"comment_status":"open","ping_status":"closed","template":"","meta":[],"product_brand":[],"product_cat":[21,20,19],"product_tag":[],"class_list":{"0":"post-177","1":"product","2":"type-product","3":"status-publish","4":"has-post-thumbnail","6":"product_cat-doudous","7":"product_cat-peluches","8":"product_cat-peluches-merou","10":"first","11":"instock","12":"taxable","13":"shipping-taxable","14":"purchasable","15":"product-type-simple"},"_links":{"self":[{"href":"https:\/\/lespeluchesdemarius.fr\/index.php\/wp-json\/wp\/v2\/product\/177","targetHints":{"allow":["GET"]}}],"collection":[{"href":"https:\/\/lespeluchesdemarius.fr\/index.php\/wp-json\/wp\/v2\/product"}],"about":[{"href":"https:\/\/lespeluchesdemarius.fr\/index.php\/wp-json\/wp\/v2\/types\/product"}],"replies":[{"embeddable":true,"href":"https:\/\/lespeluchesdemarius.fr\/index.php\/wp-json\/wp\/v2\/comments?post=177"}],"wp:featuredmedia":[{"embeddable":true,"href":"https:\/\/lespeluchesdemarius.fr\/index.php\/wp-json\/wp\/v2\/media\/134"}],"wp:attachment":[{"href":"https:\/\/lespeluchesdemarius.fr\/index.php\/wp-json\/wp\/v2\/media?parent=177"}],"wp:term":[{"taxonomy":"product_brand","embeddable":true,"href":"https:\/\/lespeluchesdemarius.fr\/index.php\/wp-json\/wp\/v2\/product_brand?post=177"},{"taxonomy":"product_cat","embeddable":true,"href":"https:\/\/lespeluchesdemarius.fr\/index.php\/wp-json\/wp\/v2\/product_cat?post=177"},{"taxonomy":"product_tag","embeddable":true,"href":"https:\/\/lespeluchesdemarius.fr\/index.php\/wp-json\/wp\/v2\/product_tag?post=177"}],"curies":[{"name":"wp","href":"https:\/\/api.w.org\/{rel}","templated":true}]}}