{"id":171,"date":"2025-04-20T19:22:27","date_gmt":"2025-04-20T17:22:27","guid":{"rendered":"http:\/\/tforhtw.cluster023.hosting.ovh.net\/?post_type=product&#038;p=171"},"modified":"2025-04-20T19:22:52","modified_gmt":"2025-04-20T17:22:52","slug":"merou-deau-douce","status":"publish","type":"product","link":"https:\/\/lespeluchesdemarius.fr\/index.php\/produit\/merou-deau-douce\/","title":{"rendered":"M\u00e9rou d&rsquo;Eau Douce"},"content":{"rendered":"<div class=\"QfrfFD cell\"><\/div>\n<div class=\"OtfKGl QfrfFD cell\">\n<section class=\"Va_ZoC\" data-hook=\"description-wrapper\">\n<div class=\"LvOu6J\">\n<div class=\"vaI0UH undefined\" data-hook=\"content-wrapper\">\n<p>D\u00e9couvrez M\u00e9rou d&rsquo;Eau Douce ! \ud83d\ude0d\ud83d\udc20\u26f5.<\/p>\n<p>Notre M\u00e9rou d&rsquo;Eau Douce n&rsquo;a pas le pied marin \ud83d\ude31 . Il nage tr\u00e8s mal, il est sujet au mal de mer \ud83e\udd22 et il est nul en matelotage \u27b0.<\/p>\n<p>Il y a forc\u00e9ment dans votre entourage un Marin d&rsquo;eau douce \u00e0 qui offrir un M\u00e9rou d&rsquo;Eau Douce pour No\u00ebl \ud83c\udf85\ud83d\udc1f\ud83d\udea3\u200d\u2642\ufe0f\u26c4\ud83c\udf84<\/p>\n<p>Notre M\u00e9rou d&rsquo;Eau Douce est imagin\u00e9 et dessin\u00e9 en France. Il est assembl\u00e9 au Portugal selon des modes de production \u00e9co-responsables, et il reverse 10% de ses b\u00e9n\u00e9fices \u00e0 des associations oeuvrant pour nos oc\u00e9ans.<\/p>\n<\/div>\n<\/div>\n<\/section>\n<\/div>\n","protected":false},"excerpt":{"rendered":"<p>M\u00e9rou d&rsquo;Eau Douce, le m\u00e9rou nul en matelotage ! \ud83d\ude0d\ud83d\udc20\u26f5.<\/p>\n","protected":false},"featured_media":130,"comment_status":"open","ping_status":"closed","template":"","meta":[],"product_brand":[],"product_cat":[20,19],"product_tag":[],"class_list":{"0":"post-171","1":"product","2":"type-product","3":"status-publish","4":"has-post-thumbnail","6":"product_cat-peluches","7":"product_cat-peluches-merou","9":"first","10":"outofstock","11":"taxable","12":"shipping-taxable","13":"purchasable","14":"product-type-simple"},"_links":{"self":[{"href":"https:\/\/lespeluchesdemarius.fr\/index.php\/wp-json\/wp\/v2\/product\/171","targetHints":{"allow":["GET"]}}],"collection":[{"href":"https:\/\/lespeluchesdemarius.fr\/index.php\/wp-json\/wp\/v2\/product"}],"about":[{"href":"https:\/\/lespeluchesdemarius.fr\/index.php\/wp-json\/wp\/v2\/types\/product"}],"replies":[{"embeddable":true,"href":"https:\/\/lespeluchesdemarius.fr\/index.php\/wp-json\/wp\/v2\/comments?post=171"}],"wp:featuredmedia":[{"embeddable":true,"href":"https:\/\/lespeluchesdemarius.fr\/index.php\/wp-json\/wp\/v2\/media\/130"}],"wp:attachment":[{"href":"https:\/\/lespeluchesdemarius.fr\/index.php\/wp-json\/wp\/v2\/media?parent=171"}],"wp:term":[{"taxonomy":"product_brand","embeddable":true,"href":"https:\/\/lespeluchesdemarius.fr\/index.php\/wp-json\/wp\/v2\/product_brand?post=171"},{"taxonomy":"product_cat","embeddable":true,"href":"https:\/\/lespeluchesdemarius.fr\/index.php\/wp-json\/wp\/v2\/product_cat?post=171"},{"taxonomy":"product_tag","embeddable":true,"href":"https:\/\/lespeluchesdemarius.fr\/index.php\/wp-json\/wp\/v2\/product_tag?post=171"}],"curies":[{"name":"wp","href":"https:\/\/api.w.org\/{rel}","templated":true}]}}