{"id":166,"date":"2025-04-20T19:18:24","date_gmt":"2025-04-20T17:18:24","guid":{"rendered":"http:\/\/tforhtw.cluster023.hosting.ovh.net\/?post_type=product&#038;p=166"},"modified":"2026-03-15T14:35:16","modified_gmt":"2026-03-15T13:35:16","slug":"merouvingien","status":"publish","type":"product","link":"https:\/\/lespeluchesdemarius.fr\/index.php\/produit\/merouvingien\/","title":{"rendered":"M\u00e9rouvingien"},"content":{"rendered":"<p>Voici M\u00e9rouvingien ! \ud83d\udc51\ud83d\udc1f\ud83d\ude05 !<\/p>\n<p>M\u00e9rouvingien, ce n&rsquo;est pas n&rsquo;importe qui ! Car M\u00e9rouvingien, c&rsquo;est le roi des m\u00e9rous \u2764\ufe0f\ud83d\udc20\ud83e\udd23\ud83d\udc1f<\/p>\n<p>Charmant \u00e0 ses heures, il peut s&rsquo;av\u00e9rer despote et tyrannique. Chaque fois qu&rsquo;il passe devant le ch\u00e2teau de Versailles, il ne peut s&#8217;emp\u00eacher de r\u00eaver au jour o\u00f9 il y habitera \ud83c\udff0\ud83d\udc20\ud83d\udcaa.<\/p>\n<p>Car oui, notre M\u00e9rouvingien a bien l&rsquo;intention de conqu\u00e9rir le monde ! En attendant ce jour, il chante dans un groupe de rock. Parce que pourquoi pas \ud83e\udd23\ud83d\udc1f\ud83d\udc51\ud83d\ude0d\ud83c\udfa4.<\/p>\n<p>Notre M\u00e9rouvingien est imagin\u00e9 et dessin\u00e9 en France. Il est assembl\u00e9 au Portugal selon des modes de production \u00e9co-responsables, et il reverse 10% de ses b\u00e9n\u00e9fices \u00e0 des associations oeuvrant pour nos oc\u00e9ans.<\/p>\n","protected":false},"excerpt":{"rendered":"<p>Voici M\u00e9rouvingien, le roi des M\u00e9rous ! \ud83d\udc51\ud83d\udc1f\ud83d\ude05 !<\/p>\n","protected":false},"featured_media":115,"comment_status":"open","ping_status":"closed","template":"","meta":[],"product_brand":[],"product_cat":[20,19],"product_tag":[],"class_list":{"0":"post-166","1":"product","2":"type-product","3":"status-publish","4":"has-post-thumbnail","6":"product_cat-peluches","7":"product_cat-peluches-merou","9":"first","10":"instock","11":"taxable","12":"shipping-taxable","13":"purchasable","14":"product-type-simple"},"_links":{"self":[{"href":"https:\/\/lespeluchesdemarius.fr\/index.php\/wp-json\/wp\/v2\/product\/166","targetHints":{"allow":["GET"]}}],"collection":[{"href":"https:\/\/lespeluchesdemarius.fr\/index.php\/wp-json\/wp\/v2\/product"}],"about":[{"href":"https:\/\/lespeluchesdemarius.fr\/index.php\/wp-json\/wp\/v2\/types\/product"}],"replies":[{"embeddable":true,"href":"https:\/\/lespeluchesdemarius.fr\/index.php\/wp-json\/wp\/v2\/comments?post=166"}],"wp:featuredmedia":[{"embeddable":true,"href":"https:\/\/lespeluchesdemarius.fr\/index.php\/wp-json\/wp\/v2\/media\/115"}],"wp:attachment":[{"href":"https:\/\/lespeluchesdemarius.fr\/index.php\/wp-json\/wp\/v2\/media?parent=166"}],"wp:term":[{"taxonomy":"product_brand","embeddable":true,"href":"https:\/\/lespeluchesdemarius.fr\/index.php\/wp-json\/wp\/v2\/product_brand?post=166"},{"taxonomy":"product_cat","embeddable":true,"href":"https:\/\/lespeluchesdemarius.fr\/index.php\/wp-json\/wp\/v2\/product_cat?post=166"},{"taxonomy":"product_tag","embeddable":true,"href":"https:\/\/lespeluchesdemarius.fr\/index.php\/wp-json\/wp\/v2\/product_tag?post=166"}],"curies":[{"name":"wp","href":"https:\/\/api.w.org\/{rel}","templated":true}]}}