{"id":165,"date":"2025-04-20T19:14:01","date_gmt":"2025-04-20T17:14:01","guid":{"rendered":"http:\/\/tforhtw.cluster023.hosting.ovh.net\/?post_type=product&#038;p=165"},"modified":"2026-04-20T18:24:43","modified_gmt":"2026-04-20T16:24:43","slug":"calimerou","status":"publish","type":"product","link":"https:\/\/lespeluchesdemarius.fr\/index.php\/produit\/calimerou\/","title":{"rendered":"Calim\u00e9rou"},"content":{"rendered":"<p>Connaissez-vous Calim\u00e9rou ? Non ? Vous ratez quelque chose ! Calim\u00e9rou, c&rsquo;est le m\u00e9rou qui se plaint tout le temps. Mais c&rsquo;est aussi le plus attendrissant des m\u00e9rous. Parce qu&rsquo;il r\u00e2le, certes, mais il est si doux, c\u00e2lin, et ne boude jamais tr\u00e8s longtemps.<\/p>\n<p>Calim\u00e9rou, c&rsquo;est le m\u00e9rou qu&rsquo;il vous faut pour tous ces jours o\u00f9 vous r\u00e2leriez bien, mais vous n&rsquo;osez pas.<\/p>\n<p>Envie de dire ses quatre v\u00e9rit\u00e9s \u00e0 votre patron qui vous exploite ? De vous plaindre de votre gardienne ? De votre caf\u00e9 qui a refroidi avant que vous puissiez le boire ? De cette grippe carabin\u00e9e qui vous fait manquer votre cours de curling ? Envoyez Calim\u00e9rou !<\/p>\n<p>Notre Calim\u00e9rou est imagin\u00e9 et dessin\u00e9 en France. Il est assembl\u00e9 au Portugal selon des modes de production \u00e9co-responsables, et il reverse 10% de ses b\u00e9n\u00e9fices \u00e0 des associations oeuvrant pour nos oc\u00e9ans.<\/p>\n","protected":false},"excerpt":{"rendered":"<p>Calim\u00e9rou, le m\u00e9rou qui se plaint tout le temps !<\/p>\n","protected":false},"featured_media":121,"comment_status":"open","ping_status":"closed","template":"","meta":[],"product_brand":[],"product_cat":[20,19],"product_tag":[],"class_list":{"0":"post-165","1":"product","2":"type-product","3":"status-publish","4":"has-post-thumbnail","6":"product_cat-peluches","7":"product_cat-peluches-merou","9":"first","10":"instock","11":"taxable","12":"shipping-taxable","13":"purchasable","14":"product-type-simple"},"_links":{"self":[{"href":"https:\/\/lespeluchesdemarius.fr\/index.php\/wp-json\/wp\/v2\/product\/165","targetHints":{"allow":["GET"]}}],"collection":[{"href":"https:\/\/lespeluchesdemarius.fr\/index.php\/wp-json\/wp\/v2\/product"}],"about":[{"href":"https:\/\/lespeluchesdemarius.fr\/index.php\/wp-json\/wp\/v2\/types\/product"}],"replies":[{"embeddable":true,"href":"https:\/\/lespeluchesdemarius.fr\/index.php\/wp-json\/wp\/v2\/comments?post=165"}],"wp:featuredmedia":[{"embeddable":true,"href":"https:\/\/lespeluchesdemarius.fr\/index.php\/wp-json\/wp\/v2\/media\/121"}],"wp:attachment":[{"href":"https:\/\/lespeluchesdemarius.fr\/index.php\/wp-json\/wp\/v2\/media?parent=165"}],"wp:term":[{"taxonomy":"product_brand","embeddable":true,"href":"https:\/\/lespeluchesdemarius.fr\/index.php\/wp-json\/wp\/v2\/product_brand?post=165"},{"taxonomy":"product_cat","embeddable":true,"href":"https:\/\/lespeluchesdemarius.fr\/index.php\/wp-json\/wp\/v2\/product_cat?post=165"},{"taxonomy":"product_tag","embeddable":true,"href":"https:\/\/lespeluchesdemarius.fr\/index.php\/wp-json\/wp\/v2\/product_tag?post=165"}],"curies":[{"name":"wp","href":"https:\/\/api.w.org\/{rel}","templated":true}]}}