{"id":74,"date":"2025-03-24T23:19:46","date_gmt":"2025-03-24T22:19:46","guid":{"rendered":"http:\/\/tforhtw.cluster023.hosting.ovh.net\/index.php\/contact\/"},"modified":"2025-04-30T11:08:58","modified_gmt":"2025-04-30T09:08:58","slug":"contact","status":"publish","type":"page","link":"https:\/\/lespeluchesdemarius.fr\/index.php\/contact\/","title":{"rendered":"Contact"},"content":{"rendered":"<div class=\"wp-block-group alignfull has-global-padding is-layout-constrained wp-container-core-group-is-layout-58718c00 wp-block-group-is-layout-constrained\" style=\"margin-top:0;margin-bottom:0;padding-top:var(--wp--preset--spacing--superbspacing-medium);padding-right:var(--wp--preset--spacing--superbspacing-small);padding-bottom:var(--wp--preset--spacing--superbspacing-large);padding-left:var(--wp--preset--spacing--superbspacing-small)\"><div class=\"wp-block-group alignwide is-vertical is-content-justification-center is-layout-flex wp-container-core-group-is-layout-f90d858d wp-block-group-is-layout-flex\" style=\"border-radius:20px;padding-top:0;padding-right:0;padding-bottom:0;padding-left:0\"><div class=\"wp-block-group has-global-padding is-content-justification-center is-layout-constrained wp-container-core-group-is-layout-fe7bfd86 wp-block-group-is-layout-constrained\"><h1 class=\"wp-block-heading has-text-align-center has-mono-1-color has-text-color has-superbfont-xxlarge-font-size\">\ud83d\udc19 Contactez <br>Les Peluches de Marius<\/h1>\n\n<p class=\"has-text-align-center has-mono-2-color has-text-color has-superbfont-small-font-size\">Une question, une id\u00e9e, un mot doux ou simplement l\u2019envie de dire bonjour ? Nous adorons recevoir des messages de nos amis des oc\u00e9ans (et de la terre ferme aussi) !<\/p><\/div><\/div>\n\n<div class=\"wp-block-group has-global-padding is-layout-constrained wp-container-core-group-is-layout-b3edac70 wp-block-group-is-layout-constrained\" style=\"padding-top:var(--wp--preset--spacing--superbspacing-small)\"><div class=\"wp-block-columns is-layout-flex wp-container-core-columns-is-layout-28f84493 wp-block-columns-is-layout-flex\"><div class=\"wp-block-column has-mono-4-background-color has-background is-layout-flow wp-block-column-is-layout-flow\" style=\"padding-top:var(--wp--preset--spacing--superbspacing-small);padding-right:var(--wp--preset--spacing--superbspacing-small);padding-bottom:var(--wp--preset--spacing--superbspacing-small);padding-left:var(--wp--preset--spacing--superbspacing-small)\"><figure class=\"wp-block-image aligncenter size-full is-resized\"><img decoding=\"async\" src=\"https:\/\/superbdemo.com\/superb-addons-images\/wp-content\/themes\/idea-flow\/inc\/superbthemes-info-content\/icons\/img-icon-4.png\" alt=\"\" style=\"object-fit:cover;width:48px;height:48px\"\/><\/figure>\n\n<h3 class=\"wp-block-heading has-text-align-center has-mono-1-color has-text-color has-link-color has-superbfont-medium-font-size wp-elements-75ecfe7d87e5a9f28d2c403faca8161a\" style=\"margin-top:0;margin-bottom:0\">Par Email <\/h3>\n\n<p class=\"has-text-align-center has-mono-2-color has-text-color has-superbfont-xsmall-font-size\" style=\"margin-top:var(--wp--preset--spacing--superbspacing-xxsmall);margin-bottom:0\">bonjour@lespeluchesdemarius.fr<\/p><\/div>\n\n<div class=\"wp-block-column has-mono-4-background-color has-background is-layout-flow wp-block-column-is-layout-flow\" style=\"padding-top:var(--wp--preset--spacing--superbspacing-small);padding-right:var(--wp--preset--spacing--superbspacing-small);padding-bottom:var(--wp--preset--spacing--superbspacing-small);padding-left:var(--wp--preset--spacing--superbspacing-small)\"><figure class=\"wp-block-image aligncenter size-full is-resized\"><img decoding=\"async\" src=\"https:\/\/superbdemo.com\/superb-addons-images\/wp-content\/themes\/idea-flow\/inc\/superbthemes-info-content\/icons\/icon-mobile.png\" alt=\"\" style=\"object-fit:cover;width:49px;height:auto\"\/><\/figure>\n\n<h3 class=\"wp-block-heading has-text-align-center has-mono-1-color has-text-color has-superbfont-medium-font-size\" style=\"margin-top:0;margin-bottom:0\">Sur Instagram<\/h3>\n\n<p class=\"has-text-align-center has-mono-2-color has-text-color has-superbfont-xsmall-font-size\" style=\"margin-top:var(--wp--preset--spacing--superbspacing-xxsmall);margin-bottom:0\">@lespeluchesdemarius<\/p><\/div><\/div><\/div><\/div><div class=\"wp-block-group alignfull is-style-default has-global-padding is-layout-constrained wp-container-core-group-is-layout-ff1d0dc0 wp-block-group-is-layout-constrained has-background\" style=\"margin-top:0;margin-bottom:0;padding-top:var(--wp--preset--spacing--superbspacing-xxlarge);padding-right:var(--wp--preset--spacing--superbspacing-small);padding-bottom:var(--wp--preset--spacing--superbspacing-xxlarge);padding-left:var(--wp--preset--spacing--superbspacing-small);background-image:url(&apos;https:\/\/superbdemo.com\/superb-addons-images\/wp-content\/themes\/idea-flow\/assets\/images\/cta\/cta-4.jpg&apos;);background-size:cover;\"><div class=\"wp-block-group alignwide has-global-padding is-content-justification-center is-layout-constrained wp-container-core-group-is-layout-e99e6284 wp-block-group-is-layout-constrained\"><div class=\"wp-block-group has-contrast-light-background-color has-background has-global-padding is-layout-constrained wp-container-core-group-is-layout-e3143389 wp-block-group-is-layout-constrained\" style=\"border-radius:24px;padding-top:var(--wp--preset--spacing--superbspacing-medium);padding-right:var(--wp--preset--spacing--superbspacing-medium);padding-bottom:var(--wp--preset--spacing--superbspacing-medium);padding-left:var(--wp--preset--spacing--superbspacing-medium)\"><h3 class=\"wp-block-heading has-text-align-center has-primary-color has-text-color has-superbfont-small-font-size\">R\u00e9f\u00e9rencer nos m\u00e9rous<\/h3>\n\n<h2 class=\"wp-block-heading has-text-align-center has-mono-1-color has-text-color has-superbfont-xlarge-font-size\">Professionnels et Revendeurs<\/h2>\n\n<p class=\"has-text-align-center has-mono-2-color has-text-color has-superbfont-small-font-size\">Vous souhaitez distribuer nos peluches ou collaborer avec nous ? Contactez-nous en direct ou rendez-vous sur nos espace pro <br>pour en savoir plus :<\/p>\n\n<div class=\"wp-block-buttons wp-container-content-9cfa9a5a is-content-justification-center is-nowrap is-layout-flex wp-container-core-buttons-is-layout-bc7c57ac wp-block-buttons-is-layout-flex\"><div class=\"wp-block-button is-style-outline is-style-outline--1\"><a class=\"wp-block-button__link has-base-background-color has-background has-superbfont-small-font-size has-text-align-left has-custom-font-size wp-element-button\" href=\"https:\/\/www.faire.com\/brand\/b_q8htehttap\" target=\"_blank\" rel=\"noopener\">Faire<\/a><\/div>\n\n<div class=\"wp-block-button\"><a class=\"wp-block-button__link has-superbfont-small-font-size has-custom-font-size wp-element-button\" href=\"https:\/\/www.orderchamp.com\/fr\/store\/les-peluches-de-marius\" target=\"_blank\" rel=\"noopener\">Orderchamp<\/a><\/div><\/div><\/div><\/div><\/div><div class=\"wp-block-group alignfull has-global-padding is-layout-constrained wp-container-core-group-is-layout-5641adb6 wp-block-group-is-layout-constrained\" style=\"margin-top:0;margin-bottom:0;padding-top:var(--wp--preset--spacing--superbspacing-large);padding-right:var(--wp--preset--spacing--superbspacing-small);padding-bottom:var(--wp--preset--spacing--superbspacing-xlarge);padding-left:var(--wp--preset--spacing--superbspacing-small)\"><div class=\"wp-block-group alignwide has-global-padding is-layout-constrained wp-container-core-group-is-layout-e52907a5 wp-block-group-is-layout-constrained\"><h3 class=\"wp-block-heading has-text-align-center has-primary-color has-text-color has-superbfont-small-font-size\">Vous voulez nous rendre visite ?<\/h3>\n\n<h2 class=\"wp-block-heading has-text-align-center has-contrast-color has-text-color has-superbfont-xlarge-font-size\">Avec Plaisir !<\/h2>\n\n<p class=\"has-text-align-center has-mono-2-color has-text-color has-superbfont-small-font-size\">Nous vous rencontrons sur rendez-vous dans nos locaux <\/p><\/div>\n\n<div class=\"wp-block-group alignwide has-global-padding is-layout-constrained wp-block-group-is-layout-constrained\"><figure class=\"wp-block-image aligncenter size-full\"><img loading=\"lazy\" decoding=\"async\" width=\"1024\" height=\"683\" src=\"http:\/\/lespeluchesdemarius.fr\/\/wp-content\/uploads\/2025\/04\/989A0497-4.jpg\" alt=\"\" class=\"wp-image-258\" srcset=\"https:\/\/lespeluchesdemarius.fr\/wp-content\/uploads\/2025\/04\/989A0497-4.jpg 1024w, https:\/\/lespeluchesdemarius.fr\/wp-content\/uploads\/2025\/04\/989A0497-4-300x200.jpg 300w, https:\/\/lespeluchesdemarius.fr\/wp-content\/uploads\/2025\/04\/989A0497-4-768x512.jpg 768w, https:\/\/lespeluchesdemarius.fr\/wp-content\/uploads\/2025\/04\/989A0497-4-600x400.jpg 600w\" sizes=\"auto, (max-width: 1024px) 100vw, 1024px\" \/><\/figure><\/div><\/div>","protected":false},"excerpt":{"rendered":"<p>\ud83d\udc19 Contactez Les Peluches de Marius Une question, une id\u00e9e, un mot doux ou simplement l\u2019envie de dire bonjour ? Nous adorons recevoir des messages de nos amis des oc\u00e9ans (et de la terre ferme aussi) ! Par Email bonjour@lespeluchesdemarius.fr Sur Instagram @lespeluchesdemarius R\u00e9f\u00e9rencer nos m\u00e9rous Professionnels et Revendeurs Vous souhaitez distribuer nos peluches ou [&hellip;]<\/p>\n","protected":false},"author":1,"featured_media":0,"parent":0,"menu_order":0,"comment_status":"closed","ping_status":"closed","template":"superbaddons-page-template","meta":{"footnotes":""},"class_list":["post-74","page","type-page","status-publish","hentry"],"_links":{"self":[{"href":"https:\/\/lespeluchesdemarius.fr\/index.php\/wp-json\/wp\/v2\/pages\/74","targetHints":{"allow":["GET"]}}],"collection":[{"href":"https:\/\/lespeluchesdemarius.fr\/index.php\/wp-json\/wp\/v2\/pages"}],"about":[{"href":"https:\/\/lespeluchesdemarius.fr\/index.php\/wp-json\/wp\/v2\/types\/page"}],"author":[{"embeddable":true,"href":"https:\/\/lespeluchesdemarius.fr\/index.php\/wp-json\/wp\/v2\/users\/1"}],"replies":[{"embeddable":true,"href":"https:\/\/lespeluchesdemarius.fr\/index.php\/wp-json\/wp\/v2\/comments?post=74"}],"version-history":[{"count":6,"href":"https:\/\/lespeluchesdemarius.fr\/index.php\/wp-json\/wp\/v2\/pages\/74\/revisions"}],"predecessor-version":[{"id":281,"href":"https:\/\/lespeluchesdemarius.fr\/index.php\/wp-json\/wp\/v2\/pages\/74\/revisions\/281"}],"wp:attachment":[{"href":"https:\/\/lespeluchesdemarius.fr\/index.php\/wp-json\/wp\/v2\/media?parent=74"}],"curies":[{"name":"wp","href":"https:\/\/api.w.org\/{rel}","templated":true}]}}