{"id":221,"date":"2025-04-21T15:56:14","date_gmt":"2025-04-21T13:56:14","guid":{"rendered":"http:\/\/tforhtw.cluster023.hosting.ovh.net\/?page_id=221"},"modified":"2025-04-21T15:56:14","modified_gmt":"2025-04-21T13:56:14","slug":"rgpd","status":"publish","type":"page","link":"https:\/\/lespeluchesdemarius.fr\/index.php\/rgpd\/","title":{"rendered":"RGPD"},"content":{"rendered":"<p><\/p><p><\/p><h2 class=\"wp-block-heading has-text-align-center\"><strong>Charte de Gestion des Donn\u00e9es Personnelles<\/strong><\/h2><p class=\"has-text-align-center\"><\/p><p>VEUILLEZ LIRE ATTENTIVEMENT LE PR\u00c9SENT DOCUMENT AVANT TOUTE UTILISATION DES SERVICES DU SITE INTERNET ET EN CONSERVER UNE COPIE<\/p><p>\u200b<\/p><p>1. Des informations \u00e0 caract\u00e8re personnel peuvent \u00eatre recueillies sur le site internet et sont enregistr\u00e9es dans un fichier informatis\u00e9 sur un serveur en Union Europ\u00e9enne par la soci\u00e9t\u00e9 MARIUS &amp; ARCHIM\u00c8DE pour la prise en charge et le bon d\u00e9roulement des commandes.<\/p><p>\u200b<\/p><p>2. Ces informations comportent le nom, le pr\u00e9nom, l\u2019adresse, le num\u00e9ro de t\u00e9l\u00e9phone et l\u2019adresse email, les commandes effectu\u00e9es et les messages adress\u00e9s \u00e0 l\u2019administrateur du site, ainsi que les paniers en cours et les derni\u00e8res connexions.<\/p><p>\u200b<\/p><p>3. Ces informations sont stock\u00e9es de fa\u00e7on crypt\u00e9e sur nos serveurs, et leur acc\u00e8s fait l\u2019objet d\u2019un contr\u00f4le strict et r\u00e9serv\u00e9 aux seuls personnes ayant besoin d\u2019y acc\u00e9der.<\/p><p>\u200b<\/p><p>4. Afin d\u2019assurer une transparence compl\u00e8te, la soci\u00e9t\u00e9 MARIUS &amp; ARCHIM\u00c8DE a fait en sorte qu\u2019il soit possible \u00e0 tout moment de consulter l\u2019ensemble des informations dont elle dispose sur vous en cliquant sur l\u2019onglet \u00abMes donn\u00e9es personnelles \u00bb pr\u00e9sent dans la page \u00ab Mon compte \u00bb du site internet.<\/p><p>\u200b<\/p><p>5. Elles sont conserv\u00e9es pendant 6 mois \u00e0 compter de la de la livraison d\u00e9finitive des derniers articles command\u00e9s. Toutefois, si le compte cr\u00e9\u00e9 devait rester inactif pendant une p\u00e9riode ininterrompue de 6 mois, les donn\u00e9es personnelles collect\u00e9es seraient effac\u00e9es.<\/p><p>\u200b<\/p><p>6. Toutefois, les donn\u00e9es personnelles dont la conservation est obligatoire (tels que les documents comptables, les bons de livraison, etc\u2026) seront conserv\u00e9es sous forme d\u2019archives pour toute la dur\u00e9e obligatoire en application du r\u00e9gime applicable.<\/p><p>\u200b<\/p><p>7. L\u2019acc\u00e8s aux services du site est strictement r\u00e9serv\u00e9 aux personnes majeures ou mineures de plus de 16 ans, c\u2019est-\u00e0-dire en \u00e2ge de consentir seuls au traitement de leurs donn\u00e9es personnelles.<\/p><p>\u200b<\/p><p>8. Les donn\u00e9es bancaires des utilisateurs ne sont pas recueillies par la soci\u00e9t\u00e9 MARIUS &amp; ARCHIM\u00c8DE et ne font l\u2019objet d\u2019aucun traitement par cette derni\u00e8re. Les donn\u00e9es bancaires des utilisateurs sont exclusivement et directement trait\u00e9es de fa\u00e7on s\u00e9curis\u00e9e par le service de paiement en ligne que vous choisissez au moment du paiement (PayPal ou STRIPE).<\/p><p>\u200b<\/p><p>9. Les donn\u00e9es personnelles pertinentes sont destin\u00e9es au personnel de la soci\u00e9t\u00e9 MARIUS &amp; ARCHIM\u00c8DE en charge du traitement de la commande, lequel exerce son activit\u00e9 au sein de l\u2019Union Europ\u00e9enne. Le transfert des donn\u00e9es \u00e0 des tiers n\u2019est effectu\u00e9 que dans le but de finaliser et effectuer le traitement et l\u2019envoi des commandes (par exemple : soci\u00e9t\u00e9s de livraison \u2013 La Poste\u2026).<\/p><p>\u200b<\/p><p>10. En cas de souscription au service de diffusion de la newsletter, les donn\u00e9es personnelles pertinentes pourront \u00eatre transmises au personnel en charge de la diffusion de cette newsletter. Elles ne font en aucun cas l\u2019objet d\u2019une vente, transfert, ou communications \u00e0 des tiers.<\/p><p>\u200b<\/p><p>11. Vous disposez d\u2019un droit d\u2019acc\u00e8s, d\u2019interrogation, de modification, de rectification et de suppression des donn\u00e9es personnelles qui vous concernent.<\/p><p>\u200b<\/p><p>12. Vous disposez \u00e9galement d\u2019un droit d\u2019opposition au traitement de vos donn\u00e9es personnelles ainsi que d\u2019un droit d\u2019opposition \u00e0 tout moment \u00e0 ce que ces donn\u00e9es soient utilis\u00e9es \u00e0 des fins de prospection commerciale.<\/p><p>\u200b<\/p><p>13. La soci\u00e9t\u00e9 MARIUS &amp; ARCHIM\u00c8DE attache une importance particuli\u00e8re \u00e0 la protection des donn\u00e9es personnelles de ses utilisateurs, et vous invite \u00e0 prot\u00e9ger de fa\u00e7on ad\u00e9quate vos donn\u00e9es personnelles, par le d\u00e9veloppement de bonnes pratiques, dans le choix de mots de passe notamment (pour plus d\u2019informations, se r\u00e9f\u00e9rer au guide :&nbsp;<a href=\"https:\/\/www.ssi.gouv.fr\/guide\/mot-de-passe\/).\" target=\"_blank\" rel=\"noreferrer noopener\">https:\/\/www.ssi.gouv.fr\/guide\/mot-de-passe\/).<\/a><\/p><p>\u200b<\/p><p>14. La soci\u00e9t\u00e9 MARIUS &amp; ARCHIM\u00c8DE s\u2019engage \u00e0 faire ses meilleurs efforts pour pr\u00e9venir les utilisateurs ainsi que la CNIL dans les d\u00e9lais les plus brefs en cas d\u2019acc\u00e8s non autoris\u00e9 \u00e0 tout syst\u00e8me h\u00e9bergeant les donn\u00e9es personnelles de ses utilisateurs.<\/p><p>\u200b<\/p><p>15. Pour tout exercice des droits relatifs aux donn\u00e9es personnelles, vous pouvez contacter :<\/p><ul class=\"wp-block-list\"><li>Par courrier : MARIUS &amp; ARCHIM\u00c8DE 7 rue Bernard de Clairvaux 75003 PARIS<\/li>\n\n<li>Par e-mail :\u00a0<a href=\"mailto:bonjour@lespeluchesdemarius.fr\">bonjour@lespeluchesdemarius.fr<\/a><\/li>\n\n<li>Via le formulaire de contact disponible \u00e0 l\u2019adresse suivante :\u00a0<a href=\"https:\/\/lespeluchesdemarius.fr\/contact\/\" target=\"_blank\" rel=\"noreferrer noopener\">https:\/\/lespeluchesdemarius.fr\/contact\/<\/a><\/li><\/ul><p><\/p>","protected":false},"excerpt":{"rendered":"<p>Charte de Gestion des Donn\u00e9es Personnelles VEUILLEZ LIRE ATTENTIVEMENT LE PR\u00c9SENT DOCUMENT AVANT TOUTE UTILISATION DES SERVICES DU SITE INTERNET ET EN CONSERVER UNE COPIE \u200b 1. Des informations \u00e0 caract\u00e8re personnel peuvent \u00eatre recueillies sur le site internet et sont enregistr\u00e9es dans un fichier informatis\u00e9 sur un serveur en Union Europ\u00e9enne par la soci\u00e9t\u00e9 [&hellip;]<\/p>\n","protected":false},"author":1,"featured_media":0,"parent":0,"menu_order":0,"comment_status":"closed","ping_status":"closed","template":"","meta":{"footnotes":""},"class_list":["post-221","page","type-page","status-publish","hentry"],"_links":{"self":[{"href":"https:\/\/lespeluchesdemarius.fr\/index.php\/wp-json\/wp\/v2\/pages\/221","targetHints":{"allow":["GET"]}}],"collection":[{"href":"https:\/\/lespeluchesdemarius.fr\/index.php\/wp-json\/wp\/v2\/pages"}],"about":[{"href":"https:\/\/lespeluchesdemarius.fr\/index.php\/wp-json\/wp\/v2\/types\/page"}],"author":[{"embeddable":true,"href":"https:\/\/lespeluchesdemarius.fr\/index.php\/wp-json\/wp\/v2\/users\/1"}],"replies":[{"embeddable":true,"href":"https:\/\/lespeluchesdemarius.fr\/index.php\/wp-json\/wp\/v2\/comments?post=221"}],"version-history":[{"count":1,"href":"https:\/\/lespeluchesdemarius.fr\/index.php\/wp-json\/wp\/v2\/pages\/221\/revisions"}],"predecessor-version":[{"id":222,"href":"https:\/\/lespeluchesdemarius.fr\/index.php\/wp-json\/wp\/v2\/pages\/221\/revisions\/222"}],"wp:attachment":[{"href":"https:\/\/lespeluchesdemarius.fr\/index.php\/wp-json\/wp\/v2\/media?parent=221"}],"curies":[{"name":"wp","href":"https:\/\/api.w.org\/{rel}","templated":true}]}}