{"id":2,"date":"2025-03-24T13:24:38","date_gmt":"2025-03-24T12:24:38","guid":{"rendered":"http:\/\/tforhtw.cluster023.hosting.ovh.net\/?page_id=2"},"modified":"2025-04-21T15:51:41","modified_gmt":"2025-04-21T13:51:41","slug":"mentions-legales","status":"publish","type":"page","link":"https:\/\/lespeluchesdemarius.fr\/index.php\/mentions-legales\/","title":{"rendered":"Mentions L\u00e9gales"},"content":{"rendered":"<p><\/p><h2 class=\"wp-block-heading has-text-align-center\"><strong>Mentions L\u00e9gales<\/strong><\/h2><p class=\"has-text-align-center\"><strong>Ci-apr\u00e8s la soci\u00e9t\u00e9 d\u00e9nomm\u00e9e :<\/strong><\/p><p class=\"has-text-align-center\">SAS MARIUS &amp; ARCHIM\u00c8DE<br>Siret : 87781527400015<\/p><p class=\"has-text-align-center\">Adresse postale :<br>SAS MARIUS &amp;\u00a0ARCHIM\u00c8DE<br>7 rue Bernard de Clairvaux<br>75003 PARIS<br><br>Email :\u00a0bonjour@lespeluchesdemarius.fr<br>Site :\u00a0<a href=\"https:\/\/leavesandclouds.fr\/\" target=\"_blank\" rel=\"noreferrer noopener\">https:\/\/www.lespeluchesdemarius.fr<\/a><\/p><p><\/p><p class=\"has-text-align-center\"><strong>Mentions l\u00e9gales de notre H\u00e9bergeur&nbsp;:<\/strong><\/p><p class=\"has-text-align-center\">OVH<br>2 rue Kellermann <br>59100 Roubaix<\/p><p class=\"has-text-align-center\">LES PELUCHES DE MARIUS est une marque d\u00e9pos\u00e9e aupr\u00e8s de l\u2019INPI.<\/p>","protected":false},"excerpt":{"rendered":"<p>Mentions L\u00e9gales Ci-apr\u00e8s la soci\u00e9t\u00e9 d\u00e9nomm\u00e9e : SAS MARIUS &amp; ARCHIM\u00c8DESiret : 87781527400015 Adresse postale :SAS MARIUS &amp;\u00a0ARCHIM\u00c8DE7 rue Bernard de Clairvaux75003 PARIS Email :\u00a0bonjour@lespeluchesdemarius.frSite :\u00a0https:\/\/www.lespeluchesdemarius.fr Mentions l\u00e9gales de notre H\u00e9bergeur&nbsp;: OVH2 rue Kellermann 59100 Roubaix LES PELUCHES DE MARIUS est une marque d\u00e9pos\u00e9e aupr\u00e8s de l\u2019INPI.<\/p>\n","protected":false},"author":1,"featured_media":0,"parent":0,"menu_order":0,"comment_status":"closed","ping_status":"closed","template":"","meta":{"footnotes":""},"class_list":["post-2","page","type-page","status-publish","hentry"],"_links":{"self":[{"href":"https:\/\/lespeluchesdemarius.fr\/index.php\/wp-json\/wp\/v2\/pages\/2","targetHints":{"allow":["GET"]}}],"collection":[{"href":"https:\/\/lespeluchesdemarius.fr\/index.php\/wp-json\/wp\/v2\/pages"}],"about":[{"href":"https:\/\/lespeluchesdemarius.fr\/index.php\/wp-json\/wp\/v2\/types\/page"}],"author":[{"embeddable":true,"href":"https:\/\/lespeluchesdemarius.fr\/index.php\/wp-json\/wp\/v2\/users\/1"}],"replies":[{"embeddable":true,"href":"https:\/\/lespeluchesdemarius.fr\/index.php\/wp-json\/wp\/v2\/comments?post=2"}],"version-history":[{"count":3,"href":"https:\/\/lespeluchesdemarius.fr\/index.php\/wp-json\/wp\/v2\/pages\/2\/revisions"}],"predecessor-version":[{"id":220,"href":"https:\/\/lespeluchesdemarius.fr\/index.php\/wp-json\/wp\/v2\/pages\/2\/revisions\/220"}],"wp:attachment":[{"href":"https:\/\/lespeluchesdemarius.fr\/index.php\/wp-json\/wp\/v2\/media?parent=2"}],"curies":[{"name":"wp","href":"https:\/\/api.w.org\/{rel}","templated":true}]}}